{"id":18993,"date":"2022-02-08T10:12:52","date_gmt":"2022-02-08T08:12:52","guid":{"rendered":"https:\/\/betoni.com\/lehti\/?page_id=18993"},"modified":"2022-06-17T15:56:35","modified_gmt":"2022-06-17T12:56:35","slug":"yhteystiedot","status":"publish","type":"page","link":"https:\/\/betoni.com\/lehti\/yhteystiedot\/","title":{"rendered":"Yhteystiedot"},"content":{"rendered":"<\/div>\n<div class=\"title-with-textarea \">\n  <div class=\"container\">\n    <div class=\"row\">\n      <div class=\"col-lg-12 text-center\">\n        <h2 class=\"title\">Betoni-lehden toimitus<\/h2>\n              <\/div>\n    <\/div>\n  <\/div>\n<\/div><div class='container'>\n\n\n<div class=\"wp-block-columns is-layout-flex wp-container-core-columns-is-layout-9d6595d7 wp-block-columns-is-layout-flex\">\n<div class=\"wp-block-column is-layout-flow wp-block-column-is-layout-flow\">\n<div class=\"wp-block-group has-background\" style=\"background-color:#eaeaea\"><div class=\"wp-block-group__inner-container is-layout-flow wp-block-group-is-layout-flow\">\n<p><strong>Julkaisija ja kustantaja<\/strong><br>Betoniteollisuus ry<br>PL 381, Etel\u00e4ranta 10, 10 krs.<br>00130 Helsinki, Finland<\/p>\n\n\n\n<p><strong>P\u00e4\u00e4toimittaja<\/strong><br>Maritta Koivisto, arkkitehti SAFA<br>Puh. 040 900 3577<br><a href=\"mailto:maritta.koivisto@betoni.com\">maritta.koivisto@betoni.com<\/a><\/p>\n\n\n\n<p><strong>Toimitusneuvosto<\/strong><br>RI Petri K\u00e4hk\u00f6nen<br>DI Ari Mantila<br>TkT Jussi Mattila<br>RI Kimmo Sandberg<br>Arkkitehti SAFA Hannu Tikka<br>DI Juha Valjus<br>DI Mirva Vuori<br>DI Pekka Vuorinen<\/p>\n\n\n\n<p>ISSN-L 1235-2136<br>ISSN 1235-2136 (painettu)<br>ISSN 2323-1262 (verkkojulkaisu)<\/p>\n\n\n\n<p>Betoni-lehti on Aikakausmedia ry:n j\u00e4sen<\/p>\n\n\n\n<p><strong>Reklamaatiot<\/strong><br>Kirjallisesti 14 vrk lehden<br>ilmestymisest\u00e4:<br><a href=\"mailto:betoni@betoni.com\">betoni@betoni.com<\/a><\/p>\n<\/div><\/div>\n<\/div>\n\n\n\n<div class=\"wp-block-column is-layout-flow wp-block-column-is-layout-flow\">\n<div class=\"wp-block-cover is-light\" style=\"min-height:490px;aspect-ratio:unset;\"><span aria-hidden=\"true\" class=\"has-background-dim-0 wp-block-cover__gradient-background has-background-dim\"><\/span><img loading=\"lazy\" decoding=\"async\" width=\"1701\" height=\"1134\" class=\"wp-block-cover__image-background wp-image-19113\" alt=\"\" src=\"https:\/\/betoni.com\/lehti\/wp-content\/uploads\/sites\/4\/2022\/02\/a__27_-1.jpg\" style=\"object-position:53% 49%\" data-object-fit=\"cover\" data-object-position=\"53% 49%\" srcset=\"https:\/\/betoni.com\/lehti\/wp-content\/uploads\/sites\/4\/2022\/02\/a__27_-1.jpg 1701w, https:\/\/betoni.com\/lehti\/wp-content\/uploads\/sites\/4\/2022\/02\/a__27_-1-800x533.jpg 800w, https:\/\/betoni.com\/lehti\/wp-content\/uploads\/sites\/4\/2022\/02\/a__27_-1-300x200.jpg 300w, https:\/\/betoni.com\/lehti\/wp-content\/uploads\/sites\/4\/2022\/02\/a__27_-1-768x512.jpg 768w, https:\/\/betoni.com\/lehti\/wp-content\/uploads\/sites\/4\/2022\/02\/a__27_-1-1536x1024.jpg 1536w\" sizes=\"auto, (max-width: 1701px) 100vw, 1701px\" \/><div class=\"wp-block-cover__inner-container is-layout-flow wp-block-cover-is-layout-flow\">\n<p class=\"has-text-align-center has-large-font-size\"><\/p>\n<\/div><\/div>\n<\/div>\n<\/div>\n\n\n<\/div>\n<div class=\"contact-person\">\n  <div class=\"container\">\n    <div class=\"row\">\n      \n        <div class=\"col-lg-6 col-md-6 col-sm-12 col-xs-12\">\n          <hr class=\"upper-line\">\n          <div class=\"flex-container\">\n            <div class=\"contact-image\">\n              <img decoding=\"async\" src=\"https:\/\/betoni.com\/lehti\/wp-content\/uploads\/sites\/4\/2022\/06\/Maritta_Koivisto_2000x2000px.jpg\" alt=\"Maritta Koivisto\">\n            <\/div>\n            <div class=\"contact-info\">\n              <h3>Maritta Koivisto<\/h3>\n              <p>P\u00e4\u00e4toimittaja, Betoni-lehti ja Betoni-verkkolehti, arkkitehti SAFA <\/p>\n              <p>Arkkitehtuuri, rakentaminen, betonijulkisivut- ja pinnat, viestint\u00e4, koulutus<\/p>\n              <div class=\"contact-2\">\n                <p>+358 40 900 3577<\/p>\n                <p>maritta.koivisto@rakennusteollisuus.fi, maritta.koivisto@betoni.com<\/p>\n              <\/div>\n            <\/div>\n          <\/div>\n                      <div class=\"introduction-text\">\n              <p><\/p>\n            <\/div>\n                  <\/div>\n      \n        <div class=\"col-lg-6 col-md-6 col-sm-12 col-xs-12\">\n          <hr class=\"upper-line\">\n          <div class=\"flex-container\">\n            <div class=\"contact-image\">\n              <img decoding=\"async\" src=\"https:\/\/betoni.com\/lehti\/wp-content\/uploads\/sites\/4\/2022\/01\/Nina_Loisalo_2000x2000.jpg\" alt=\"Nina Loisalo\">\n            <\/div>\n            <div class=\"contact-info\">\n              <h3>Nina Loisalo<\/h3>\n              <p>Viestint\u00e4assistentti<\/p>\n              <p>Betoni-lehden ilmoitusmarkkinointi ja jakelu, tapahtumat, Betoni.com ja Betoni-verkkolehden yll\u00e4pito<\/p>\n              <div class=\"contact-2\">\n                <p>+358 50 368 9072<\/p>\n                <p>nina.loisalo@rakennusteollisuus.fi<\/p>\n              <\/div>\n            <\/div>\n          <\/div>\n                      <div class=\"introduction-text\">\n              <p><\/p>\n            <\/div>\n                  <\/div>\n          <\/div>\n  <\/div>\n<\/div><div class='container'>","protected":false},"excerpt":{"rendered":"<p>Julkaisija ja kustantajaBetoniteollisuus ryPL 381, Etel\u00e4ranta 10, 10 krs.00130 Helsinki, Finland P\u00e4\u00e4toimittajaMaritta Koivisto, arkkitehti SAFAPuh. 040 900 3577maritta.koivisto@betoni.com ToimitusneuvostoRI Petri K\u00e4hk\u00f6nenDI Ari MantilaTkT Jussi MattilaRI Kimmo SandbergArkkitehti SAFA Hannu TikkaDI&#8230;<\/p>\n","protected":false},"author":14,"featured_media":0,"parent":0,"menu_order":0,"comment_status":"closed","ping_status":"closed","template":"","meta":{"_acf_changed":false,"footnotes":""},"class_list":["post-18993","page","type-page","status-publish","hentry"],"acf":[],"yoast_head":"<!-- This site is optimized with the Yoast SEO plugin v27.2 - https:\/\/yoast.com\/product\/yoast-seo-wordpress\/ -->\n<title>Yhteystiedot - Betoni-lehti<\/title>\n<meta name=\"robots\" content=\"index, follow, max-snippet:-1, max-image-preview:large, max-video-preview:-1\" \/>\n<link rel=\"canonical\" href=\"https:\/\/betoni.com\/lehti\/yhteystiedot\/\" \/>\n<meta property=\"og:locale\" content=\"fi_FI\" \/>\n<meta property=\"og:type\" content=\"article\" \/>\n<meta property=\"og:title\" content=\"Yhteystiedot - Betoni-lehti\" \/>\n<meta property=\"og:description\" content=\"Julkaisija ja kustantajaBetoniteollisuus ryPL 381, Etel\u00e4ranta 10, 10 krs.00130 Helsinki, Finland P\u00e4\u00e4toimittajaMaritta Koivisto, arkkitehti SAFAPuh. 040 900 3577maritta.koivisto@betoni.com ToimitusneuvostoRI Petri K\u00e4hk\u00f6nenDI Ari MantilaTkT Jussi MattilaRI Kimmo SandbergArkkitehti SAFA Hannu TikkaDI...\" \/>\n<meta property=\"og:url\" content=\"https:\/\/betoni.com\/lehti\/yhteystiedot\/\" \/>\n<meta property=\"og:site_name\" content=\"Betoni-lehti\" \/>\n<meta property=\"article:modified_time\" content=\"2022-06-17T12:56:35+00:00\" \/>\n<meta property=\"og:image\" content=\"https:\/\/betoni.com\/lehti\/wp-content\/uploads\/sites\/4\/2022\/02\/a__27_-1.jpg\" \/>\n<meta name=\"twitter:card\" content=\"summary_large_image\" \/>\n<meta name=\"twitter:label1\" content=\"Est. reading time\" \/>\n\t<meta name=\"twitter:data1\" content=\"1 minuutti\" \/>\n<script type=\"application\/ld+json\" class=\"yoast-schema-graph\">{\"@context\":\"https:\/\/schema.org\",\"@graph\":[{\"@type\":\"WebPage\",\"@id\":\"https:\/\/betoni.com\/lehti\/yhteystiedot\/\",\"url\":\"https:\/\/betoni.com\/lehti\/yhteystiedot\/\",\"name\":\"Yhteystiedot - Betoni-lehti\",\"isPartOf\":{\"@id\":\"https:\/\/betoni.com\/lehti\/#website\"},\"primaryImageOfPage\":{\"@id\":\"https:\/\/betoni.com\/lehti\/yhteystiedot\/#primaryimage\"},\"image\":{\"@id\":\"https:\/\/betoni.com\/lehti\/yhteystiedot\/#primaryimage\"},\"thumbnailUrl\":\"https:\/\/betoni.com\/lehti\/wp-content\/uploads\/sites\/4\/2022\/02\/a__27_-1.jpg\",\"datePublished\":\"2022-02-08T08:12:52+00:00\",\"dateModified\":\"2022-06-17T12:56:35+00:00\",\"breadcrumb\":{\"@id\":\"https:\/\/betoni.com\/lehti\/yhteystiedot\/#breadcrumb\"},\"inLanguage\":\"fi\",\"potentialAction\":[{\"@type\":\"ReadAction\",\"target\":[\"https:\/\/betoni.com\/lehti\/yhteystiedot\/\"]}]},{\"@type\":\"ImageObject\",\"inLanguage\":\"fi\",\"@id\":\"https:\/\/betoni.com\/lehti\/yhteystiedot\/#primaryimage\",\"url\":\"https:\/\/betoni.com\/lehti\/wp-content\/uploads\/sites\/4\/2022\/02\/a__27_-1.jpg\",\"contentUrl\":\"https:\/\/betoni.com\/lehti\/wp-content\/uploads\/sites\/4\/2022\/02\/a__27_-1.jpg\"},{\"@type\":\"BreadcrumbList\",\"@id\":\"https:\/\/betoni.com\/lehti\/yhteystiedot\/#breadcrumb\",\"itemListElement\":[{\"@type\":\"ListItem\",\"position\":1,\"name\":\"Home\",\"item\":\"https:\/\/betoni.com\/lehti\/\"},{\"@type\":\"ListItem\",\"position\":2,\"name\":\"Yhteystiedot\"}]},{\"@type\":\"WebSite\",\"@id\":\"https:\/\/betoni.com\/lehti\/#website\",\"url\":\"https:\/\/betoni.com\/lehti\/\",\"name\":\"Betoni-lehti\",\"description\":\"Betoni ry:n verkkolehti\",\"potentialAction\":[{\"@type\":\"SearchAction\",\"target\":{\"@type\":\"EntryPoint\",\"urlTemplate\":\"https:\/\/betoni.com\/lehti\/?s={search_term_string}\"},\"query-input\":{\"@type\":\"PropertyValueSpecification\",\"valueRequired\":true,\"valueName\":\"search_term_string\"}}],\"inLanguage\":\"fi\"}]}<\/script>\n<!-- \/ Yoast SEO plugin. -->","yoast_head_json":{"title":"Yhteystiedot - Betoni-lehti","robots":{"index":"index","follow":"follow","max-snippet":"max-snippet:-1","max-image-preview":"max-image-preview:large","max-video-preview":"max-video-preview:-1"},"canonical":"https:\/\/betoni.com\/lehti\/yhteystiedot\/","og_locale":"fi_FI","og_type":"article","og_title":"Yhteystiedot - Betoni-lehti","og_description":"Julkaisija ja kustantajaBetoniteollisuus ryPL 381, Etel\u00e4ranta 10, 10 krs.00130 Helsinki, Finland P\u00e4\u00e4toimittajaMaritta Koivisto, arkkitehti SAFAPuh. 040 900 3577maritta.koivisto@betoni.com ToimitusneuvostoRI Petri K\u00e4hk\u00f6nenDI Ari MantilaTkT Jussi MattilaRI Kimmo SandbergArkkitehti SAFA Hannu TikkaDI...","og_url":"https:\/\/betoni.com\/lehti\/yhteystiedot\/","og_site_name":"Betoni-lehti","article_modified_time":"2022-06-17T12:56:35+00:00","og_image":[{"url":"https:\/\/betoni.com\/lehti\/wp-content\/uploads\/sites\/4\/2022\/02\/a__27_-1.jpg","type":"","width":"","height":""}],"twitter_card":"summary_large_image","twitter_misc":{"Est. reading time":"1 minuutti"},"schema":{"@context":"https:\/\/schema.org","@graph":[{"@type":"WebPage","@id":"https:\/\/betoni.com\/lehti\/yhteystiedot\/","url":"https:\/\/betoni.com\/lehti\/yhteystiedot\/","name":"Yhteystiedot - Betoni-lehti","isPartOf":{"@id":"https:\/\/betoni.com\/lehti\/#website"},"primaryImageOfPage":{"@id":"https:\/\/betoni.com\/lehti\/yhteystiedot\/#primaryimage"},"image":{"@id":"https:\/\/betoni.com\/lehti\/yhteystiedot\/#primaryimage"},"thumbnailUrl":"https:\/\/betoni.com\/lehti\/wp-content\/uploads\/sites\/4\/2022\/02\/a__27_-1.jpg","datePublished":"2022-02-08T08:12:52+00:00","dateModified":"2022-06-17T12:56:35+00:00","breadcrumb":{"@id":"https:\/\/betoni.com\/lehti\/yhteystiedot\/#breadcrumb"},"inLanguage":"fi","potentialAction":[{"@type":"ReadAction","target":["https:\/\/betoni.com\/lehti\/yhteystiedot\/"]}]},{"@type":"ImageObject","inLanguage":"fi","@id":"https:\/\/betoni.com\/lehti\/yhteystiedot\/#primaryimage","url":"https:\/\/betoni.com\/lehti\/wp-content\/uploads\/sites\/4\/2022\/02\/a__27_-1.jpg","contentUrl":"https:\/\/betoni.com\/lehti\/wp-content\/uploads\/sites\/4\/2022\/02\/a__27_-1.jpg"},{"@type":"BreadcrumbList","@id":"https:\/\/betoni.com\/lehti\/yhteystiedot\/#breadcrumb","itemListElement":[{"@type":"ListItem","position":1,"name":"Home","item":"https:\/\/betoni.com\/lehti\/"},{"@type":"ListItem","position":2,"name":"Yhteystiedot"}]},{"@type":"WebSite","@id":"https:\/\/betoni.com\/lehti\/#website","url":"https:\/\/betoni.com\/lehti\/","name":"Betoni-lehti","description":"Betoni ry:n verkkolehti","potentialAction":[{"@type":"SearchAction","target":{"@type":"EntryPoint","urlTemplate":"https:\/\/betoni.com\/lehti\/?s={search_term_string}"},"query-input":{"@type":"PropertyValueSpecification","valueRequired":true,"valueName":"search_term_string"}}],"inLanguage":"fi"}]}},"_links":{"self":[{"href":"https:\/\/betoni.com\/lehti\/wp-json\/wp\/v2\/pages\/18993","targetHints":{"allow":["GET"]}}],"collection":[{"href":"https:\/\/betoni.com\/lehti\/wp-json\/wp\/v2\/pages"}],"about":[{"href":"https:\/\/betoni.com\/lehti\/wp-json\/wp\/v2\/types\/page"}],"author":[{"embeddable":true,"href":"https:\/\/betoni.com\/lehti\/wp-json\/wp\/v2\/users\/14"}],"replies":[{"embeddable":true,"href":"https:\/\/betoni.com\/lehti\/wp-json\/wp\/v2\/comments?post=18993"}],"version-history":[{"count":0,"href":"https:\/\/betoni.com\/lehti\/wp-json\/wp\/v2\/pages\/18993\/revisions"}],"wp:attachment":[{"href":"https:\/\/betoni.com\/lehti\/wp-json\/wp\/v2\/media?parent=18993"}],"curies":[{"name":"wp","href":"https:\/\/api.w.org\/{rel}","templated":true}]}}