{"id":206,"date":"2021-09-15T10:09:58","date_gmt":"2021-09-15T10:09:58","guid":{"rendered":"https:\/\/betoni.com\/lehti\/?page_id=206"},"modified":"2025-04-03T08:14:19","modified_gmt":"2025-04-03T05:14:19","slug":"tilaa-lehti","status":"publish","type":"page","link":"https:\/\/betoni.com\/lehti\/tilaa-lehti\/","title":{"rendered":"Tilaa lehti"},"content":{"rendered":"\n<h2 class=\"wp-block-heading\" id=\"tilaa-betoni-lehti\">Tilaa Betoni-lehti<\/h2>\n\n\n\n<div class=\"wp-block-columns is-layout-flex wp-container-core-columns-is-layout-9d6595d7 wp-block-columns-is-layout-flex\">\n<div class=\"wp-block-column is-layout-flow wp-block-column-is-layout-flow\">\n<div class=\"wp-block-group has-background\" style=\"background-color:#eaeaea\"><div class=\"wp-block-group__inner-container is-layout-flow wp-block-group-is-layout-flow\">\n<p><\/p>\n\n\n\n<h3 class=\"wp-block-heading\" id=\"tilaa-lehti\">Tilaa lehti <\/h3>\n\n\n\n<p><strong>Ilmestyy:<\/strong><br>Betoni-lehti ilmestyy nelj\u00e4\u2000kertaa vuodessa maalis-, kes\u00e4-, loka- ja joulukuussa.<\/p>\n\n\n\n<p><strong>Hinta:<br><\/strong>Vuosikerran tilaushinta on 56 \u20ac + ALV (10 %).<br>Irtonumeron hinta on 15 \u20ac + ALV (10 %).<\/p>\n\n\n\n<p><strong>Tilaus:<br><\/strong>Lehden tilaus tehd\u00e4\u00e4n osoitteeseen: <strong><a href=\"mailto:betoni@betoni.com\">betoni@betoni.com<\/a><\/strong><\/p>\n\n\n\n<p>Seuraavat j\u00e4rjest\u00f6t tarjoavat Betoni-lehden maksutta henkil\u00f6j\u00e4senetuna: SAFA, RIL, RIA, VYRA, Ornamo, MAS, MARK, BY, BLY ja RKL.<br>J\u00e4senetulehti toimitetaan postitettuna osoitteisiin Suomessa.<\/p>\n\n\n\n<p>J\u00e4senetulehden tilaus tulee tehd\u00e4 suoraan j\u00e4rjest\u00f6\u00f6n.<\/p>\n<\/div><\/div>\n<\/div>\n\n\n\n<div class=\"wp-block-column is-layout-flow wp-block-column-is-layout-flow\">\n<div class=\"wp-block-cover is-light\" style=\"min-height:490px;aspect-ratio:unset;\"><span aria-hidden=\"true\" class=\"wp-block-cover__background has-background-dim-0 has-background-dim\"><\/span><img loading=\"lazy\" decoding=\"async\" width=\"1701\" height=\"1134\" class=\"wp-block-cover__image-background wp-image-19113\" alt=\"\" src=\"https:\/\/betoni.com\/lehti\/wp-content\/uploads\/sites\/4\/2022\/02\/a__27_-1.jpg\" data-object-fit=\"cover\" srcset=\"https:\/\/betoni.com\/lehti\/wp-content\/uploads\/sites\/4\/2022\/02\/a__27_-1.jpg 1701w, https:\/\/betoni.com\/lehti\/wp-content\/uploads\/sites\/4\/2022\/02\/a__27_-1-800x533.jpg 800w, https:\/\/betoni.com\/lehti\/wp-content\/uploads\/sites\/4\/2022\/02\/a__27_-1-300x200.jpg 300w, https:\/\/betoni.com\/lehti\/wp-content\/uploads\/sites\/4\/2022\/02\/a__27_-1-768x512.jpg 768w, https:\/\/betoni.com\/lehti\/wp-content\/uploads\/sites\/4\/2022\/02\/a__27_-1-1536x1024.jpg 1536w\" sizes=\"auto, (max-width: 1701px) 100vw, 1701px\" \/><div class=\"wp-block-cover__inner-container is-layout-flow wp-block-cover-is-layout-flow\">\n<p class=\"has-text-align-center has-large-font-size\"><\/p>\n<\/div><\/div>\n<\/div>\n<\/div>\n\n\n\n<div class=\"wp-block-columns is-layout-flex wp-container-core-columns-is-layout-9d6595d7 wp-block-columns-is-layout-flex\">\n<div class=\"wp-block-column is-layout-flow wp-block-column-is-layout-flow\">\n<h3 class=\"wp-block-heading\" id=\"osoitteen-muutos\">Osoitteen muutos<\/h3>\n\n\n\n<p>Jos osoitteesi muuttuu, tulee osoitteenmuutos tehd\u00e4 osoitteeseen:<strong> <a href=\"mailto:betoni@betoni.com\">betoni@betoni.com<\/a><\/strong><br><\/p>\n\n\n\n<p>Huomioithan, ett\u00e4 SAFA, RIA, RIL, VYRA, Ornamo, MAS, MARK, BY, BLY, ja RKL j\u00e4sentilaajien osoitemuutokset tulee tehd\u00e4 oman j\u00e4rjest\u00f6n kautta.<\/p>\n\n\n\n<h3 class=\"wp-block-heading\" id=\"tilauksen-irtisanominen\">Tilauksen irtisanominen<\/h3>\n\n\n\n<p>Betoni-lehden tilauksen irtisanominen tulee tehd\u00e4 osoitteeseen: <strong><a href=\"mailto:betoni@betoni.com\">betoni@betoni.com<\/a><\/strong><br>Lehden peruutus p\u00e4\u00e4ttyy maksetun laskutuskauden loppuun.<\/p>\n\n\n\n<h3 class=\"wp-block-heading\" id=\"tilaa-betoni-lehden-uutiskirje\">Tilaa Betoni-lehden uutiskirje<\/h3>\n\n\n\n<p>Saat ajankohtaista tietoa alan uusimmista k\u00e4\u00e4nteiss\u00e4, innovaatioissa ja tuoteuutuuksista. <br><\/p>\n\n\n\n<p><\/p>\n\n\n\n<form class=\"footer-newsletter\" method=\"post\" action=\"https:\/\/asiakas.mailpv.net\/account\" target=\"_blank\">\n                        <p class=\"title\">Tilaa Betoni-lehden uutiskirje<\/p>\n                        <input type=\"email\" name=\"email\">\n                        <input type=\"hidden\" name=\"join\" value=\"1404638\">\n                        <button submit=\"\" class=\"btn btn-blue\">L\u00e4het\u00e4<\/button>\n                    <\/form>\n<\/div>\n\n\n\n<div class=\"wp-block-column is-layout-flow wp-block-column-is-layout-flow\"><\/div>\n<\/div>\n\n\n\n<p id=\"lisatietoja\"><strong>Lis\u00e4tietoja:<\/strong><\/p>\n\n\n<\/div>\n<div class=\"contact-person\">\n  <div class=\"container\">\n    <div class=\"row\">\n      \n        <div class=\"col-lg-6 col-md-6 col-sm-12 col-xs-12\">\n          <hr class=\"upper-line\">\n          <div class=\"flex-container\">\n            <div class=\"contact-image\">\n              <img decoding=\"async\" src=\"https:\/\/betoni.com\/lehti\/wp-content\/uploads\/sites\/4\/2022\/01\/Nina_Loisalo_2000x2000.jpg\" alt=\"Nina Loisalo\">\n            <\/div>\n            <div class=\"contact-info\">\n              <h3>Nina Loisalo<\/h3>\n              <p>Viestint\u00e4assistentti<\/p>\n              <p>Betoni-lehden ilmoitusmarkkinointi ja jakelu, tapahtumat, Betoni.com ja Betoni-verkkolehden yll\u00e4pito<\/p>\n              <div class=\"contact-2\">\n                <p>+358 50 368 9072<\/p>\n                <p>nina.loisalo@rakennusteollisuus.fi<\/p>\n              <\/div>\n            <\/div>\n          <\/div>\n                  <\/div>\n          <\/div>\n  <\/div>\n<\/div><div class='container'>","protected":false},"excerpt":{"rendered":"<p>Tilaa Betoni-lehti Tilaa lehti Ilmestyy:Betoni-lehti ilmestyy nelj\u00e4\u2000kertaa vuodessa maalis-, kes\u00e4-, loka- ja joulukuussa. Hinta:Vuosikerran tilaushinta on 56 \u20ac + ALV (10 %).Irtonumeron hinta on 15 \u20ac + ALV (10 %)&#8230;.<\/p>\n","protected":false},"author":1,"featured_media":0,"parent":0,"menu_order":0,"comment_status":"closed","ping_status":"closed","template":"","meta":{"_acf_changed":false,"footnotes":""},"class_list":["post-206","page","type-page","status-publish","hentry"],"acf":[],"yoast_head":"<!-- This site is optimized with the Yoast SEO plugin v27.2 - https:\/\/yoast.com\/product\/yoast-seo-wordpress\/ -->\n<title>Tilaa lehti - Betoni-lehti<\/title>\n<meta name=\"robots\" content=\"index, follow, max-snippet:-1, max-image-preview:large, max-video-preview:-1\" \/>\n<link rel=\"canonical\" href=\"https:\/\/betoni.com\/lehti\/tilaa-lehti\/\" \/>\n<meta property=\"og:locale\" content=\"fi_FI\" \/>\n<meta property=\"og:type\" content=\"article\" \/>\n<meta property=\"og:title\" content=\"Tilaa lehti - Betoni-lehti\" \/>\n<meta property=\"og:description\" content=\"Tilaa Betoni-lehti Tilaa lehti Ilmestyy:Betoni-lehti ilmestyy nelj\u00e4\u2000kertaa vuodessa maalis-, kes\u00e4-, loka- ja joulukuussa. Hinta:Vuosikerran tilaushinta on 56 \u20ac + ALV (10 %).Irtonumeron hinta on 15 \u20ac + ALV (10 %)....\" \/>\n<meta property=\"og:url\" content=\"https:\/\/betoni.com\/lehti\/tilaa-lehti\/\" \/>\n<meta property=\"og:site_name\" content=\"Betoni-lehti\" \/>\n<meta property=\"article:modified_time\" content=\"2025-04-03T05:14:19+00:00\" \/>\n<meta property=\"og:image\" content=\"https:\/\/betoni.com\/lehti\/wp-content\/uploads\/sites\/4\/2022\/02\/a__27_-1.jpg\" \/>\n\t<meta property=\"og:image:width\" content=\"1701\" \/>\n\t<meta property=\"og:image:height\" content=\"1134\" \/>\n\t<meta property=\"og:image:type\" content=\"image\/jpeg\" \/>\n<meta name=\"twitter:card\" content=\"summary_large_image\" \/>\n<meta name=\"twitter:label1\" content=\"Est. reading time\" \/>\n\t<meta name=\"twitter:data1\" content=\"1 minuutti\" \/>\n<script type=\"application\/ld+json\" class=\"yoast-schema-graph\">{\"@context\":\"https:\/\/schema.org\",\"@graph\":[{\"@type\":\"WebPage\",\"@id\":\"https:\/\/betoni.com\/lehti\/tilaa-lehti\/\",\"url\":\"https:\/\/betoni.com\/lehti\/tilaa-lehti\/\",\"name\":\"Tilaa lehti - Betoni-lehti\",\"isPartOf\":{\"@id\":\"https:\/\/betoni.com\/lehti\/#website\"},\"primaryImageOfPage\":{\"@id\":\"https:\/\/betoni.com\/lehti\/tilaa-lehti\/#primaryimage\"},\"image\":{\"@id\":\"https:\/\/betoni.com\/lehti\/tilaa-lehti\/#primaryimage\"},\"thumbnailUrl\":\"https:\/\/betoni.com\/lehti\/wp-content\/uploads\/sites\/4\/2022\/02\/a__27_-1.jpg\",\"datePublished\":\"2021-09-15T10:09:58+00:00\",\"dateModified\":\"2025-04-03T05:14:19+00:00\",\"breadcrumb\":{\"@id\":\"https:\/\/betoni.com\/lehti\/tilaa-lehti\/#breadcrumb\"},\"inLanguage\":\"fi\",\"potentialAction\":[{\"@type\":\"ReadAction\",\"target\":[\"https:\/\/betoni.com\/lehti\/tilaa-lehti\/\"]}]},{\"@type\":\"ImageObject\",\"inLanguage\":\"fi\",\"@id\":\"https:\/\/betoni.com\/lehti\/tilaa-lehti\/#primaryimage\",\"url\":\"https:\/\/betoni.com\/lehti\/wp-content\/uploads\/sites\/4\/2022\/02\/a__27_-1.jpg\",\"contentUrl\":\"https:\/\/betoni.com\/lehti\/wp-content\/uploads\/sites\/4\/2022\/02\/a__27_-1.jpg\"},{\"@type\":\"BreadcrumbList\",\"@id\":\"https:\/\/betoni.com\/lehti\/tilaa-lehti\/#breadcrumb\",\"itemListElement\":[{\"@type\":\"ListItem\",\"position\":1,\"name\":\"Home\",\"item\":\"https:\/\/betoni.com\/lehti\/\"},{\"@type\":\"ListItem\",\"position\":2,\"name\":\"Tilaa lehti\"}]},{\"@type\":\"WebSite\",\"@id\":\"https:\/\/betoni.com\/lehti\/#website\",\"url\":\"https:\/\/betoni.com\/lehti\/\",\"name\":\"Betoni-lehti\",\"description\":\"Betoni ry:n verkkolehti\",\"potentialAction\":[{\"@type\":\"SearchAction\",\"target\":{\"@type\":\"EntryPoint\",\"urlTemplate\":\"https:\/\/betoni.com\/lehti\/?s={search_term_string}\"},\"query-input\":{\"@type\":\"PropertyValueSpecification\",\"valueRequired\":true,\"valueName\":\"search_term_string\"}}],\"inLanguage\":\"fi\"}]}<\/script>\n<!-- \/ Yoast SEO plugin. -->","yoast_head_json":{"title":"Tilaa lehti - Betoni-lehti","robots":{"index":"index","follow":"follow","max-snippet":"max-snippet:-1","max-image-preview":"max-image-preview:large","max-video-preview":"max-video-preview:-1"},"canonical":"https:\/\/betoni.com\/lehti\/tilaa-lehti\/","og_locale":"fi_FI","og_type":"article","og_title":"Tilaa lehti - Betoni-lehti","og_description":"Tilaa Betoni-lehti Tilaa lehti Ilmestyy:Betoni-lehti ilmestyy nelj\u00e4\u2000kertaa vuodessa maalis-, kes\u00e4-, loka- ja joulukuussa. Hinta:Vuosikerran tilaushinta on 56 \u20ac + ALV (10 %).Irtonumeron hinta on 15 \u20ac + ALV (10 %)....","og_url":"https:\/\/betoni.com\/lehti\/tilaa-lehti\/","og_site_name":"Betoni-lehti","article_modified_time":"2025-04-03T05:14:19+00:00","og_image":[{"width":1701,"height":1134,"url":"https:\/\/betoni.com\/lehti\/wp-content\/uploads\/sites\/4\/2022\/02\/a__27_-1.jpg","type":"image\/jpeg"}],"twitter_card":"summary_large_image","twitter_misc":{"Est. reading time":"1 minuutti"},"schema":{"@context":"https:\/\/schema.org","@graph":[{"@type":"WebPage","@id":"https:\/\/betoni.com\/lehti\/tilaa-lehti\/","url":"https:\/\/betoni.com\/lehti\/tilaa-lehti\/","name":"Tilaa lehti - Betoni-lehti","isPartOf":{"@id":"https:\/\/betoni.com\/lehti\/#website"},"primaryImageOfPage":{"@id":"https:\/\/betoni.com\/lehti\/tilaa-lehti\/#primaryimage"},"image":{"@id":"https:\/\/betoni.com\/lehti\/tilaa-lehti\/#primaryimage"},"thumbnailUrl":"https:\/\/betoni.com\/lehti\/wp-content\/uploads\/sites\/4\/2022\/02\/a__27_-1.jpg","datePublished":"2021-09-15T10:09:58+00:00","dateModified":"2025-04-03T05:14:19+00:00","breadcrumb":{"@id":"https:\/\/betoni.com\/lehti\/tilaa-lehti\/#breadcrumb"},"inLanguage":"fi","potentialAction":[{"@type":"ReadAction","target":["https:\/\/betoni.com\/lehti\/tilaa-lehti\/"]}]},{"@type":"ImageObject","inLanguage":"fi","@id":"https:\/\/betoni.com\/lehti\/tilaa-lehti\/#primaryimage","url":"https:\/\/betoni.com\/lehti\/wp-content\/uploads\/sites\/4\/2022\/02\/a__27_-1.jpg","contentUrl":"https:\/\/betoni.com\/lehti\/wp-content\/uploads\/sites\/4\/2022\/02\/a__27_-1.jpg"},{"@type":"BreadcrumbList","@id":"https:\/\/betoni.com\/lehti\/tilaa-lehti\/#breadcrumb","itemListElement":[{"@type":"ListItem","position":1,"name":"Home","item":"https:\/\/betoni.com\/lehti\/"},{"@type":"ListItem","position":2,"name":"Tilaa lehti"}]},{"@type":"WebSite","@id":"https:\/\/betoni.com\/lehti\/#website","url":"https:\/\/betoni.com\/lehti\/","name":"Betoni-lehti","description":"Betoni ry:n verkkolehti","potentialAction":[{"@type":"SearchAction","target":{"@type":"EntryPoint","urlTemplate":"https:\/\/betoni.com\/lehti\/?s={search_term_string}"},"query-input":{"@type":"PropertyValueSpecification","valueRequired":true,"valueName":"search_term_string"}}],"inLanguage":"fi"}]}},"_links":{"self":[{"href":"https:\/\/betoni.com\/lehti\/wp-json\/wp\/v2\/pages\/206","targetHints":{"allow":["GET"]}}],"collection":[{"href":"https:\/\/betoni.com\/lehti\/wp-json\/wp\/v2\/pages"}],"about":[{"href":"https:\/\/betoni.com\/lehti\/wp-json\/wp\/v2\/types\/page"}],"author":[{"embeddable":true,"href":"https:\/\/betoni.com\/lehti\/wp-json\/wp\/v2\/users\/1"}],"replies":[{"embeddable":true,"href":"https:\/\/betoni.com\/lehti\/wp-json\/wp\/v2\/comments?post=206"}],"version-history":[{"count":0,"href":"https:\/\/betoni.com\/lehti\/wp-json\/wp\/v2\/pages\/206\/revisions"}],"wp:attachment":[{"href":"https:\/\/betoni.com\/lehti\/wp-json\/wp\/v2\/media?parent=206"}],"curies":[{"name":"wp","href":"https:\/\/api.w.org\/{rel}","templated":true}]}}